{"id":2,"date":"2021-02-10T09:51:33","date_gmt":"2021-02-10T09:51:33","guid":{"rendered":"https:\/\/meblomal.com.pl\/?page_id=2"},"modified":"2021-11-25T08:01:34","modified_gmt":"2021-11-25T08:01:34","slug":"sample-page","status":"publish","type":"page","link":"https:\/\/meblomal.com.pl\/","title":{"rendered":"Strona g\u0142owna"},"content":{"rendered":"\n<p>Firma <strong>Meblomal<\/strong> powsta\u0142a w 1996 roku. Przez ten okres bardzo dynamicznie si\u0119 rozwin\u0119li\u015bmy, ci\u0105gle pracujemy nad udoskonaleniem technologii produkcji, aby jako\u015b\u0107 naszych mebli by\u0142a wizyt\u00f3wk\u0105 firmy.<br><br>Przedsi\u0119biorstwo zajmuje si\u0119 produkcj\u0105 sto\u0142\u00f3w kuchennych i pokojowych, naro\u017cnik\u00f3w <br>kuchennych oraz krzese\u0142 kuchennych i pokojowych.<\/p>\n\n\n\n<p><a href=\"https:\/\/localhost:3000\/o-firmie\/\" data-type=\"page\" data-id=\"7\">wi<\/a><a href=\"https:\/\/meblomal.com.pl\/o-firmie\" data-type=\"URL\">\u0119cej o nas<\/a><\/p>\n\n\n\n<p><\/p>\n\n\n\n<div class=\"wp-block-buttons is-layout-flex wp-block-buttons-is-layout-flex\"><\/div>\n","protected":false},"excerpt":{"rendered":"<p>Firma Meblomal powsta\u0142a w 1996 roku. Przez ten okres bardzo dynamicznie si\u0119 rozwin\u0119li\u015bmy, ci\u0105gle pracujemy nad udoskonaleniem technologii produkcji, aby jako\u015b\u0107 naszych mebli by\u0142a wizyt\u00f3wk\u0105 firmy. Przedsi\u0119biorstwo zajmuje si\u0119 produkcj\u0105 sto\u0142\u00f3w kuchennych i pokojowych, naro\u017cnik\u00f3w kuchennych oraz krzese\u0142 kuchennych i pokojowych. wi\u0119cej o nas<\/p>\n","protected":false},"author":1,"featured_media":0,"parent":0,"menu_order":0,"comment_status":"closed","ping_status":"closed","template":"page-home.php","meta":{"footnotes":""},"acf":[],"_links":{"self":[{"href":"https:\/\/meblomal.com.pl\/index.php?rest_route=\/wp\/v2\/pages\/2"}],"collection":[{"href":"https:\/\/meblomal.com.pl\/index.php?rest_route=\/wp\/v2\/pages"}],"about":[{"href":"https:\/\/meblomal.com.pl\/index.php?rest_route=\/wp\/v2\/types\/page"}],"author":[{"embeddable":true,"href":"https:\/\/meblomal.com.pl\/index.php?rest_route=\/wp\/v2\/users\/1"}],"replies":[{"embeddable":true,"href":"https:\/\/meblomal.com.pl\/index.php?rest_route=%2Fwp%2Fv2%2Fcomments&post=2"}],"version-history":[{"count":22,"href":"https:\/\/meblomal.com.pl\/index.php?rest_route=\/wp\/v2\/pages\/2\/revisions"}],"predecessor-version":[{"id":493,"href":"https:\/\/meblomal.com.pl\/index.php?rest_route=\/wp\/v2\/pages\/2\/revisions\/493"}],"wp:attachment":[{"href":"https:\/\/meblomal.com.pl\/index.php?rest_route=%2Fwp%2Fv2%2Fmedia&parent=2"}],"curies":[{"name":"wp","href":"https:\/\/api.w.org\/{rel}","templated":true}]}}